{"id":4693,"date":"2026-03-06T14:52:47","date_gmt":"2026-03-06T13:52:47","guid":{"rendered":"https:\/\/partidaabogados.com\/blog\/"},"modified":"2026-03-10T18:02:14","modified_gmt":"2026-03-10T17:02:14","slug":"blog","status":"publish","type":"page","link":"https:\/\/partidaabogados.com\/en\/blog\/","title":{"rendered":"Blog"},"content":{"rendered":"\t\t<div data-elementor-type=\"wp-page\" data-elementor-id=\"4693\" class=\"elementor elementor-4693 elementor-4266\">\n\t\t\t\t<div class=\"elementor-element elementor-element-068b4ab e-flex e-con-boxed cms-bg-fixed e-con e-parent\" data-id=\"068b4ab\" data-element_type=\"container\" data-e-type=\"container\" data-settings=\"{&quot;background_background&quot;:&quot;classic&quot;}\">\r\n\t\t\t\t\t<div class=\"e-con-inner\">\r\n\t\t\t\t<div class=\"elementor-element elementor-element-0350b63 elementor-widget elementor-widget-heading\" data-id=\"0350b63\" data-element_type=\"widget\" data-e-type=\"widget\" data-widget_type=\"heading.default\">\n\t\t\t\t\t<h1 class=\"elementor-heading-title elementor-size-default\">Blog<\/h1>\t\t\t\t<\/div>\n\t\t\t\t\t<\/div>\r\n\t\t\t\t<\/div>\r\n\t\t<div class=\"elementor-element elementor-element-37a8b35 p-tb-96 p-tb-tablet-20 e-flex e-con-boxed cms-bg-fixed e-con e-parent\" data-id=\"37a8b35\" data-element_type=\"container\" data-e-type=\"container\">\r\n\t\t\t\t\t<div class=\"e-con-inner\">\r\n\t\t\t\t<div class=\"elementor-element elementor-element-488460d elementor-widget elementor-widget-cms_posts_grid\" data-id=\"488460d\" data-element_type=\"widget\" data-e-type=\"widget\" data-widget_type=\"cms_posts_grid.default\">\n\t\t\t\t<div class=\"elementor-widget-container\">\n\t\t\t\t\t<div class=\"cms-post-grid cms-grid cms-grid-4\" data-layout=\"grid\" data-start-page=\"1\" data-max-pages=\"1\" data-total=\"2\" data-perpage=\"6\" data-next-link=\"\">\n    \n    <div class=\"cms-grid-content d-flex gutter-custom-x gutter-custom-y flex-col-3 flex-col-tablet-2 flex-col-smobile-1\" style=\"--gutter-x:32px;--gutter-y:48px;\">            <div class='cms-item cms-transition' data-settings=>\n                                <div class=\"cms--item hover-image-zoom-out relative cms-hover-change relative cms-radius-8 overflow-hidden\">\n                    <img fetchpriority=\"high\" decoding=\"async\" data-as-background=\"default\" width=\"384\" height=\"484\" src=\"https:\/\/partidaabogados.com\/wp-content\/uploads\/elementor\/thumbs\/blog-6-rk2iqth952xistz0jk5kb13pqmcbxny4jtfzrgh2i0.webp\" alt=\"blog-6\" class=\"cms-lazy lazy-loading img-cover\" style=\"max-height:484px\" \/>                    <div class=\"cms-overlay m-8 overflow-hidden\">\n                        <div class=\"cms---item absolute bottom w-100 bg-white cms-radius-4 p-32 p-lr-smobile-20 cms-translateY cms-on-hover-translateY cms-transition\" style=\"--cms-translateY:166px;--cms-translateY-tablet:0;--cms-on-hover-translateY:0;\">\n                            <div class=\"cms-post-cat text-xs d-flex gap-8 pb-15\" style=\"--cms-badge-color:var(--cms-accent-regular);--cms-badge-hover-color:white;\"><a href=\"https:\/\/partidaabogados.com\/en\/category\/compensation\/\" class=\"cms-term cms-badge-1 text-menu text-hover-white bdr-1 bdr-menu bdr-hover-accent-regular bg-hover-accent-regular cms-radius-rounded pl-8 pr-10 p-tb-2\">Compensation<\/a><a href=\"https:\/\/partidaabogados.com\/en\/category\/lawyer\/\" class=\"cms-term cms-badge-1 text-menu text-hover-white bdr-1 bdr-menu bdr-hover-accent-regular bg-hover-accent-regular cms-radius-rounded pl-8 pr-10 p-tb-2\">Lawyer<\/a><\/div>                            <a class=\"cms-heading text-xl\" href=\"https:\/\/partidaabogados.com\/en\/why-hiring-workers-compensation-system-lawyer-instantly-is-crucial-for-your-claim-success\/\">Why hiring workers compensation system lawyer instantly is crucial for your claim success?!<\/a>\n                            <div class=\"cms-excerpt text-line-4 text-md pt-15 cms-hover-show\" style=\"min-height: 83px;\">Many people enter workers compensation system confident that they can handle their claims on their own, only to discover that the process is exceedingly complex...<\/div>\n                            <a class=\"cms-readmore btn btn-smd btn-accent-regular text-white btn-hover-primary-regular text-hover-white cms-hover-move-icon-right mt-23\" href=\"https:\/\/partidaabogados.com\/en\/why-hiring-workers-compensation-system-lawyer-instantly-is-crucial-for-your-claim-success\/\" aria-label=\"Explore More\" aria-label=\"Why hiring workers compensation system lawyer instantly is crucial for your claim success?!\"><span class='cms-svg-icon lh-0 cms-eicon rtl-flip empty-none' style='--svg-size:13px;'><svg viewBox=\"0 0 13 10\" xmlns=\"http:\/\/www.w3.org\/2000\/svg\">\n\t<path d=\"M8.13932 0.149554C7.92368 -0.0555135 7.58078 -0.0488639 7.37344 0.164407C7.16609 0.377677 7.17281 0.716807 7.38846 0.921875L11.1135 4.46429L0.541667 4.46429C0.242513 4.46429 0 4.70413 0 5C0 5.29587 0.242512 5.53571 0.541667 5.53571L11.1135 5.53572L7.38845 9.07812C7.17281 9.28319 7.16609 9.62232 7.37344 9.83559C7.58078 10.0489 7.92368 10.0555 8.13932 9.85045L12.8338 5.38616C12.94 5.28516 13 5.14572 13 5C13 4.85428 12.94 4.71484 12.8338 4.61384L8.13932 0.149554Z\" \/>\n\t<path d=\"M8.13932 0.149554C7.92368 -0.0555135 7.58078 -0.0488639 7.37344 0.164407C7.16609 0.377677 7.17281 0.716807 7.38846 0.921875L11.1135 4.46429L0.541667 4.46429C0.242513 4.46429 0 4.70413 0 5C0 5.29587 0.242512 5.53571 0.541667 5.53571L11.1135 5.53572L7.38845 9.07812C7.17281 9.28319 7.16609 9.62232 7.37344 9.83559C7.58078 10.0489 7.92368 10.0555 8.13932 9.85045L12.8338 5.38616C12.94 5.28516 13 5.14572 13 5C13 4.85428 12.94 4.71484 12.8338 4.61384L8.13932 0.149554Z\" \/>\n<\/svg>\n<\/span>Explore More<span class=\"screen-reader-text\">Why hiring workers compensation system lawyer instantly is crucial for your claim success?!<\/span><\/a>\n                        <\/div>\n                    <\/div>\n                <\/div>\n                            <\/div>\n                    <div class='cms-item cms-transition' data-settings=>\n                                <div class=\"cms--item hover-image-zoom-out relative cms-hover-change relative cms-radius-8 overflow-hidden\">\n                    <img decoding=\"async\" data-as-background=\"default\" width=\"384\" height=\"484\" src=\"https:\/\/partidaabogados.com\/wp-content\/uploads\/elementor\/thumbs\/blog-5-rk2iqth952xistz0jk5kb13pqmcbxny4jtfzrgh2i0.webp\" alt=\"blog-5\" class=\"cms-lazy lazy-loading img-cover\" style=\"max-height:484px\" \/>                    <div class=\"cms-overlay m-8 overflow-hidden\">\n                        <div class=\"cms---item absolute bottom w-100 bg-white cms-radius-4 p-32 p-lr-smobile-20 cms-translateY cms-on-hover-translateY cms-transition\" style=\"--cms-translateY:166px;--cms-translateY-tablet:0;--cms-on-hover-translateY:0;\">\n                            <div class=\"cms-post-cat text-xs d-flex gap-8 pb-15\" style=\"--cms-badge-color:var(--cms-accent-regular);--cms-badge-hover-color:white;\"><a href=\"https:\/\/partidaabogados.com\/en\/category\/corporate-law\/\" class=\"cms-term cms-badge-1 text-menu text-hover-white bdr-1 bdr-menu bdr-hover-accent-regular bg-hover-accent-regular cms-radius-rounded pl-8 pr-10 p-tb-2\">Corporate law<\/a><a href=\"https:\/\/partidaabogados.com\/en\/category\/lawsuits\/\" class=\"cms-term cms-badge-1 text-menu text-hover-white bdr-1 bdr-menu bdr-hover-accent-regular bg-hover-accent-regular cms-radius-rounded pl-8 pr-10 p-tb-2\">Lawsuits<\/a><\/div>                            <a class=\"cms-heading text-xl\" href=\"https:\/\/partidaabogados.com\/en\/what-it-means-for-corporate-boards-and-investors-to-derivative-litigation-faces-wave-of-derivative-lawsuits\/\">What it means for corporate boards and investors to derivative litigation faces wave of derivative lawsuits?<\/a>\n                            <div class=\"cms-excerpt text-line-4 text-md pt-15 cms-hover-show\" style=\"min-height: 83px;\">Investors are demanding accountability from the company\u2019s leadership in light of alleged billing fraud, insider trading, and failure to disclose regulatory investigations...<\/div>\n                            <a class=\"cms-readmore btn btn-smd btn-accent-regular text-white btn-hover-primary-regular text-hover-white cms-hover-move-icon-right mt-23\" href=\"https:\/\/partidaabogados.com\/en\/what-it-means-for-corporate-boards-and-investors-to-derivative-litigation-faces-wave-of-derivative-lawsuits\/\" aria-label=\"Explore More\" aria-label=\"What it means for corporate boards and investors to derivative litigation faces wave of derivative lawsuits?\"><span class='cms-svg-icon lh-0 cms-eicon rtl-flip empty-none' style='--svg-size:13px;'><svg viewBox=\"0 0 13 10\" xmlns=\"http:\/\/www.w3.org\/2000\/svg\">\n\t<path d=\"M8.13932 0.149554C7.92368 -0.0555135 7.58078 -0.0488639 7.37344 0.164407C7.16609 0.377677 7.17281 0.716807 7.38846 0.921875L11.1135 4.46429L0.541667 4.46429C0.242513 4.46429 0 4.70413 0 5C0 5.29587 0.242512 5.53571 0.541667 5.53571L11.1135 5.53572L7.38845 9.07812C7.17281 9.28319 7.16609 9.62232 7.37344 9.83559C7.58078 10.0489 7.92368 10.0555 8.13932 9.85045L12.8338 5.38616C12.94 5.28516 13 5.14572 13 5C13 4.85428 12.94 4.71484 12.8338 4.61384L8.13932 0.149554Z\" \/>\n\t<path d=\"M8.13932 0.149554C7.92368 -0.0555135 7.58078 -0.0488639 7.37344 0.164407C7.16609 0.377677 7.17281 0.716807 7.38846 0.921875L11.1135 4.46429L0.541667 4.46429C0.242513 4.46429 0 4.70413 0 5C0 5.29587 0.242512 5.53571 0.541667 5.53571L11.1135 5.53572L7.38845 9.07812C7.17281 9.28319 7.16609 9.62232 7.37344 9.83559C7.58078 10.0489 7.92368 10.0555 8.13932 9.85045L12.8338 5.38616C12.94 5.28516 13 5.14572 13 5C13 4.85428 12.94 4.71484 12.8338 4.61384L8.13932 0.149554Z\" \/>\n<\/svg>\n<\/span>Explore More<span class=\"screen-reader-text\">What it means for corporate boards and investors to derivative litigation faces wave of derivative lawsuits?<\/span><\/a>\n                        <\/div>\n                    <\/div>\n                <\/div>\n                            <\/div>\n        <\/div>\n            <div class=\"cms-grid-pagination mt-40 empty-none\" data-loadmore=\"{&quot;post_type&quot;:&quot;post&quot;,&quot;taxonomy&quot;:&quot;category&quot;,&quot;startPage&quot;:1,&quot;maxPages&quot;:1,&quot;total&quot;:2,&quot;perpage&quot;:6,&quot;nextLink&quot;:&quot;&quot;,&quot;pagination_type&quot;:&quot;pagination&quot;,&quot;layout&quot;:&quot;4&quot;,&quot;source&quot;:&quot;&quot;,&quot;orderby&quot;:&quot;date&quot;,&quot;order&quot;:&quot;desc&quot;,&quot;limit&quot;:6,&quot;thumbnail_size&quot;:&quot;custom&quot;,&quot;thumbnail_custom_dimension&quot;:{&quot;width&quot;:384,&quot;height&quot;:484},&quot;num_line&quot;:4,&quot;readmore_text&quot;:&quot;Explore More&quot;,&quot;item_class&quot;:&quot;&quot;,&quot;data-settings&quot;:&quot;&quot;,&quot;element_id&quot;:&quot;488460d&quot;}\"\n             data-query=\"{&quot;post_type&quot;:&quot;post&quot;,&quot;post_status&quot;:&quot;publish&quot;,&quot;posts_per_page&quot;:6,&quot;order&quot;:&quot;desc&quot;,&quot;orderby&quot;:&quot;date&quot;,&quot;tax_query&quot;:{&quot;relation&quot;:&quot;OR&quot;},&quot;post__not_in&quot;:[4693]}\"><\/div>\n        <div class=\"cms-grid-overlay\"><\/div>\n<\/div>\t\t\t\t<\/div>\n\t\t\t\t<\/div>\n\t\t\t\t\t<\/div>\r\n\t\t\t\t<\/div>\r\n\t\t\t\t<\/div>\n\t\t","protected":false},"excerpt":{"rendered":"<p>Blog Compensaci\u00f3nAbogado \u00bfPor qu\u00e9 es crucial contratar inmediatamente a un abogado especializado en el sistema de indemnizaci\u00f3n laboral para que su reclamaci\u00f3n tenga \u00e9xito? Many people enter workers compensation system confident that they can handle their claims on their own, only to discover that the process is exceedingly complex&#8230; Explore More\u00bfPor qu\u00e9 es crucial contratar [&hellip;]<\/p>\n","protected":false},"author":1,"featured_media":0,"parent":0,"menu_order":14,"comment_status":"closed","ping_status":"closed","template":"","meta":{"footnotes":""},"class_list":["post-4693","page","type-page","status-publish","hentry"],"_links":{"self":[{"href":"https:\/\/partidaabogados.com\/en\/wp-json\/wp\/v2\/pages\/4693","targetHints":{"allow":["GET"]}}],"collection":[{"href":"https:\/\/partidaabogados.com\/en\/wp-json\/wp\/v2\/pages"}],"about":[{"href":"https:\/\/partidaabogados.com\/en\/wp-json\/wp\/v2\/types\/page"}],"author":[{"embeddable":true,"href":"https:\/\/partidaabogados.com\/en\/wp-json\/wp\/v2\/users\/1"}],"replies":[{"embeddable":true,"href":"https:\/\/partidaabogados.com\/en\/wp-json\/wp\/v2\/comments?post=4693"}],"version-history":[{"count":2,"href":"https:\/\/partidaabogados.com\/en\/wp-json\/wp\/v2\/pages\/4693\/revisions"}],"predecessor-version":[{"id":4749,"href":"https:\/\/partidaabogados.com\/en\/wp-json\/wp\/v2\/pages\/4693\/revisions\/4749"}],"wp:attachment":[{"href":"https:\/\/partidaabogados.com\/en\/wp-json\/wp\/v2\/media?parent=4693"}],"curies":[{"name":"wp","href":"https:\/\/api.w.org\/{rel}","templated":true}]}}